{"id":273,"date":"2025-06-03T10:48:26","date_gmt":"2025-06-03T08:48:26","guid":{"rendered":"https:\/\/opendoorsshop.sowmedia.dev\/?post_type=product&#038;p=273"},"modified":"2026-02-15T14:33:09","modified_gmt":"2026-02-15T13:33:09","slug":"het-dwaze-van-god","status":"publish","type":"product","link":"https:\/\/www.opendoors.nl\/webshop\/product\/het-dwaze-van-god\/","title":{"rendered":"Het dwaze van God"},"content":{"rendered":"<p>&#8216;Laat het nooit gebeuren dat jullie in vrijheid prijsgeven wat wij in tijden van vervolging nooit prijsgegeven hebben! Dit is ons getuigenis van de opstandingskracht van Christus!&#8217;<\/p>\n<p>Somali\u00eb begin jaren &#8217;90 van de vorige eeuw was de hel op aarde. Het land werd verscheurd door een vreselijke burgeroorlog en een verschroeiende droogte. Miljoenen Somali\u00ebrs stierven of ontvluchtten het land. En in het land met zo&#8217;n 8 miljoen inwoners waren nog geen 100 christenen.<\/p>\n<p>Nik en Ruth Ripken wisten zich geroepen door God voor dat land en zes jaar lang probeerden ze de liefde van God zichtbaar te maken aan de Somali\u00ebrs door een getuigenis van daden. Het was hun roeping, maar bij tijden leek het alsof het kwaad alles verwoeste wat God hen had opgedragen te doen. Ze ervoeren dat zowel in hun werk als in hun gezin. Het bracht hen in een geloofscrisis. Kan God werkelijk goed zijn als het leven zo duister is? Kun je nog geloven dat Christus alle macht heeft als je je gelovige vrienden de marteldood ziet sterven? Hoe overleeft geloof in tijden van vervolging? Is het geen dwaasheid te geloven in de opstandingskracht van Christus?<\/p>\n<p>Hun zoektocht naar antwoorden bracht hen bij vervolgde christenen over de hele wereld. Het aangrijpende getuigenis van de vele naamlozen die in dit boek aan het woord komen spreekt een duidelijke taal: &#8216;Jezus Christus is het waard om voor te leven \u00e9n voor te sterven.&#8217;<\/p>\n<p>Nik Ripken is \u00e9\u00e9n van de belangrijkste kenners van de vervolgde kerk in islamitische landen. Hij heeft meer dan 25 jaar ervaring als zendeling en diende vooral in Afrika en het Midden-Oosten. Hij is getrouwd met Ruth en vader van drie zonen. De middelste zoon, Tim, is thuis.<\/p>\n","protected":false},"excerpt":{"rendered":"<p>&#8216;Laat het nooit gebeuren dat jullie in vrijheid prijsgeven wat wij in tijden van vervolging nooit prijsgegeven hebben! Dit is ons getuigenis van de opstandingskracht van Christus!&#8217;<\/p>\n<p>Somali\u00eb begin jaren &#8217;90 van de vorige eeuw was de hel op aarde. Het land werd verscheurd door een vreselijke burgeroorlog en een verschroeiende droogte. Miljoenen Somali\u00ebrs stierven of ontvluchtten het land. En in het land met zo&#8217;n 8 miljoen inwoners waren nog geen 100 christenen.<br \/>\nNik en Ruth Ripken wisten zich geroepen door God voor dat land en zes jaar lang probeerden ze de liefde van God zichtbaar te maken aan de Somali\u00ebrs door een getuigenis van daden. Het was hun roeping, maar bij tijden leek het alsof het kwaad alles verwoeste wat God hen had opgedragen te doen. Ze ervoeren dat zowel in hun werk als in hun gezin. Het bracht hen in een geloofscrisis. Kan God werkelijk goed zijn als het leven zo duister is? Kun je nog geloven dat Christus alle macht heeft als je je gelovige vrienden de marteldood ziet sterven? Hoe overleeft geloof in tijden van vervolging? Is het geen dwaasheid te geloven in de opstandingskracht van Christus?<br \/>\nHun zoektocht naar antwoorden bracht hen bij vervolgde christenen over de hele wereld. Het aangrijpende getuigenis van de vele naamlozen die in dit boek aan het woord komen spreekt een duidelijke taal: &#8216;Jezus Christus is het waard om voor te leven \u00e9n voor te sterven.&#8217;<\/p>\n<p>Nik Ripken is \u00e9\u00e9n van de belangrijkste kenners van de vervolgde kerk in islamitische landen. Hij heeft meer dan 25 jaar ervaring als zendeling en diende vooral in Afrika en het Midden-Oosten. Hij is getrouwd met Ruth en vader van drie zonen. De middelste zoon, Tim, is thuis.<\/p>\n","protected":false},"featured_media":274,"template":"","meta":{"_acf_changed":false,"site-sidebar-layout":"default","site-content-layout":"","ast-site-content-layout":"default","site-content-style":"default","site-sidebar-style":"default","ast-global-header-display":"","ast-banner-title-visibility":"","ast-main-header-display":"","ast-hfb-above-header-display":"","ast-hfb-below-header-display":"","ast-hfb-mobile-header-display":"","site-post-title":"","ast-breadcrumbs-content":"","ast-featured-img":"","footer-sml-layout":"","ast-disable-related-posts":"","theme-transparent-header-meta":"default","adv-header-id-meta":"","stick-header-meta":"default","header-above-stick-meta":"","header-main-stick-meta":"","header-below-stick-meta":"","astra-migrate-meta-layouts":"set","ast-page-background-enabled":"default","ast-page-background-meta":{"desktop":{"background-color":"var(--ast-global-color-4)","background-image":"","background-repeat":"repeat","background-position":"center center","background-size":"auto","background-attachment":"scroll","background-type":"","background-media":"","overlay-type":"","overlay-color":"","overlay-opacity":"","overlay-gradient":""},"tablet":{"background-color":"","background-image":"","background-repeat":"repeat","background-position":"center center","background-size":"auto","background-attachment":"scroll","background-type":"","background-media":"","overlay-type":"","overlay-color":"","overlay-opacity":"","overlay-gradient":""},"mobile":{"background-color":"","background-image":"","background-repeat":"repeat","background-position":"center center","background-size":"auto","background-attachment":"scroll","background-type":"","background-media":"","overlay-type":"","overlay-color":"","overlay-opacity":"","overlay-gradient":""}},"ast-content-background-meta":{"desktop":{"background-color":"var(--ast-global-color-5)","background-image":"","background-repeat":"repeat","background-position":"center center","background-size":"auto","background-attachment":"scroll","background-type":"","background-media":"","overlay-type":"","overlay-color":"","overlay-opacity":"","overlay-gradient":""},"tablet":{"background-color":"var(--ast-global-color-5)","background-image":"","background-repeat":"repeat","background-position":"center center","background-size":"auto","background-attachment":"scroll","background-type":"","background-media":"","overlay-type":"","overlay-color":"","overlay-opacity":"","overlay-gradient":""},"mobile":{"background-color":"var(--ast-global-color-5)","background-image":"","background-repeat":"repeat","background-position":"center center","background-size":"auto","background-attachment":"scroll","background-type":"","background-media":"","overlay-type":"","overlay-color":"","overlay-opacity":"","overlay-gradient":""}}},"product_brand":[],"product_cat":[16],"product_tag":[],"class_list":{"0":"post-273","1":"product","2":"type-product","3":"status-publish","4":"has-post-thumbnail","6":"product_cat-boeken","7":"pa_auteur-nik-ripken","8":"desktop-align-left","9":"tablet-align-left","10":"mobile-align-left","11":"ast-product-gallery-layout-horizontal-slider","12":"ast-magnify-disabled","13":"ast-product-tabs-layout-horizontal","15":"first","16":"instock","17":"shipping-taxable","18":"purchasable","19":"product-type-simple"},"acf":[],"yoast_head":"<!-- This site is optimized with the Yoast SEO plugin v27.5 - https:\/\/yoast.com\/product\/yoast-seo-wordpress\/ -->\n<title>Het dwaze van God - Open Doors Webshop<\/title>\n<meta name=\"robots\" content=\"index, follow, max-snippet:-1, max-image-preview:large, max-video-preview:-1\" \/>\n<link rel=\"canonical\" href=\"https:\/\/www.opendoors.nl\/webshop\/product\/het-dwaze-van-god\/\" \/>\n<meta property=\"og:locale\" content=\"nl_NL\" \/>\n<meta property=\"og:type\" content=\"article\" \/>\n<meta property=\"og:title\" content=\"Het dwaze van God - Open Doors Webshop\" \/>\n<meta property=\"og:description\" content=\"&#039;Laat het nooit gebeuren dat jullie in vrijheid prijsgeven wat wij in tijden van vervolging nooit prijsgegeven hebben! Dit is ons getuigenis van de opstandingskracht van Christus!&#039;  Somali\u00eb begin jaren &#039;90 van de vorige eeuw was de hel op aarde. Het land werd verscheurd door een vreselijke burgeroorlog en een verschroeiende droogte. Miljoenen Somali\u00ebrs stierven of ontvluchtten het land. En in het land met zo&#039;n 8 miljoen inwoners waren nog geen 100 christenen. Nik en Ruth Ripken wisten zich geroepen door God voor dat land en zes jaar lang probeerden ze de liefde van God zichtbaar te maken aan de Somali\u00ebrs door een getuigenis van daden. Het was hun roeping, maar bij tijden leek het alsof het kwaad alles verwoeste wat God hen had opgedragen te doen. Ze ervoeren dat zowel in hun werk als in hun gezin. Het bracht hen in een geloofscrisis. Kan God werkelijk goed zijn als het leven zo duister is? Kun je nog geloven dat Christus alle macht heeft als je je gelovige vrienden de marteldood ziet sterven? Hoe overleeft geloof in tijden van vervolging? Is het geen dwaasheid te geloven in de opstandingskracht van Christus? Hun zoektocht naar antwoorden bracht hen bij vervolgde christenen over de hele wereld. Het aangrijpende getuigenis van de vele naamlozen die in dit boek aan het woord komen spreekt een duidelijke taal: &#039;Jezus Christus is het waard om voor te leven \u00e9n voor te sterven.&#039;  Nik Ripken is \u00e9\u00e9n van de belangrijkste kenners van de vervolgde kerk in islamitische landen. Hij heeft meer dan 25 jaar ervaring als zendeling en diende vooral in Afrika en het Midden-Oosten. Hij is getrouwd met Ruth en vader van drie zonen. De middelste zoon, Tim, is thuis.\" \/>\n<meta property=\"og:url\" content=\"https:\/\/www.opendoors.nl\/webshop\/product\/het-dwaze-van-god\/\" \/>\n<meta property=\"og:site_name\" content=\"Open Doors Webshop\" \/>\n<meta property=\"article:modified_time\" content=\"2026-02-15T13:33:09+00:00\" \/>\n<meta property=\"og:image\" content=\"https:\/\/www.opendoors.nl\/webshop\/wp-content\/uploads\/sites\/3\/2025\/05\/dc0a7ad23a8f87334bee545a54c13030845c535b_20230809T000836_9789059990470_frontcover.jpg\" \/>\n\t<meta property=\"og:image:width\" content=\"521\" \/>\n\t<meta property=\"og:image:height\" content=\"800\" \/>\n\t<meta property=\"og:image:type\" content=\"image\/jpeg\" \/>\n<meta name=\"twitter:card\" content=\"summary_large_image\" \/>\n<meta name=\"twitter:label1\" content=\"Geschatte leestijd\" \/>\n\t<meta name=\"twitter:data1\" content=\"1 minuut\" \/>\n<script type=\"application\/ld+json\" class=\"yoast-schema-graph\">{\"@context\":\"https:\\\/\\\/schema.org\",\"@graph\":[{\"@type\":\"WebPage\",\"@id\":\"https:\\\/\\\/www.opendoors.nl\\\/webshop\\\/product\\\/het-dwaze-van-god\\\/\",\"url\":\"https:\\\/\\\/www.opendoors.nl\\\/webshop\\\/product\\\/het-dwaze-van-god\\\/\",\"name\":\"Het dwaze van God - Open Doors Webshop\",\"isPartOf\":{\"@id\":\"https:\\\/\\\/www.opendoors.nl\\\/webshop\\\/#website\"},\"primaryImageOfPage\":{\"@id\":\"https:\\\/\\\/www.opendoors.nl\\\/webshop\\\/product\\\/het-dwaze-van-god\\\/#primaryimage\"},\"image\":{\"@id\":\"https:\\\/\\\/www.opendoors.nl\\\/webshop\\\/product\\\/het-dwaze-van-god\\\/#primaryimage\"},\"thumbnailUrl\":\"https:\\\/\\\/www.opendoors.nl\\\/webshop\\\/wp-content\\\/uploads\\\/sites\\\/3\\\/2025\\\/05\\\/dc0a7ad23a8f87334bee545a54c13030845c535b_20230809T000836_9789059990470_frontcover.jpg\",\"datePublished\":\"2025-06-03T08:48:26+00:00\",\"dateModified\":\"2026-02-15T13:33:09+00:00\",\"breadcrumb\":{\"@id\":\"https:\\\/\\\/www.opendoors.nl\\\/webshop\\\/product\\\/het-dwaze-van-god\\\/#breadcrumb\"},\"inLanguage\":\"nl-NL\",\"potentialAction\":[{\"@type\":\"ReadAction\",\"target\":[\"https:\\\/\\\/www.opendoors.nl\\\/webshop\\\/product\\\/het-dwaze-van-god\\\/\"]}]},{\"@type\":\"ImageObject\",\"inLanguage\":\"nl-NL\",\"@id\":\"https:\\\/\\\/www.opendoors.nl\\\/webshop\\\/product\\\/het-dwaze-van-god\\\/#primaryimage\",\"url\":\"https:\\\/\\\/www.opendoors.nl\\\/webshop\\\/wp-content\\\/uploads\\\/sites\\\/3\\\/2025\\\/05\\\/dc0a7ad23a8f87334bee545a54c13030845c535b_20230809T000836_9789059990470_frontcover.jpg\",\"contentUrl\":\"https:\\\/\\\/www.opendoors.nl\\\/webshop\\\/wp-content\\\/uploads\\\/sites\\\/3\\\/2025\\\/05\\\/dc0a7ad23a8f87334bee545a54c13030845c535b_20230809T000836_9789059990470_frontcover.jpg\",\"width\":521,\"height\":800},{\"@type\":\"BreadcrumbList\",\"@id\":\"https:\\\/\\\/www.opendoors.nl\\\/webshop\\\/product\\\/het-dwaze-van-god\\\/#breadcrumb\",\"itemListElement\":[{\"@type\":\"ListItem\",\"position\":1,\"name\":\"Home\",\"item\":\"https:\\\/\\\/www.opendoors.nl\\\/webshop\\\/\"},{\"@type\":\"ListItem\",\"position\":2,\"name\":\"Winkel\",\"item\":\"https:\\\/\\\/www.opendoors.nl\\\/webshop\\\/winkel\\\/\"},{\"@type\":\"ListItem\",\"position\":3,\"name\":\"Het dwaze van God\"}]},{\"@type\":\"WebSite\",\"@id\":\"https:\\\/\\\/www.opendoors.nl\\\/webshop\\\/#website\",\"url\":\"https:\\\/\\\/www.opendoors.nl\\\/webshop\\\/\",\"name\":\"Open Doors Webshop\",\"description\":\"\",\"publisher\":{\"@id\":\"https:\\\/\\\/www.opendoors.nl\\\/webshop\\\/#organization\"},\"potentialAction\":[{\"@type\":\"SearchAction\",\"target\":{\"@type\":\"EntryPoint\",\"urlTemplate\":\"https:\\\/\\\/www.opendoors.nl\\\/webshop\\\/?s={search_term_string}\"},\"query-input\":{\"@type\":\"PropertyValueSpecification\",\"valueRequired\":true,\"valueName\":\"search_term_string\"}}],\"inLanguage\":\"nl-NL\"},{\"@type\":\"Organization\",\"@id\":\"https:\\\/\\\/www.opendoors.nl\\\/webshop\\\/#organization\",\"name\":\"Open Doors Webshop\",\"url\":\"https:\\\/\\\/www.opendoors.nl\\\/webshop\\\/\",\"logo\":{\"@type\":\"ImageObject\",\"inLanguage\":\"nl-NL\",\"@id\":\"https:\\\/\\\/www.opendoors.nl\\\/webshop\\\/#\\\/schema\\\/logo\\\/image\\\/\",\"url\":\"https:\\\/\\\/www.opendoors.nl\\\/webshop\\\/wp-content\\\/uploads\\\/sites\\\/3\\\/2025\\\/03\\\/logo-opendoors-webshop.svg\",\"contentUrl\":\"https:\\\/\\\/www.opendoors.nl\\\/webshop\\\/wp-content\\\/uploads\\\/sites\\\/3\\\/2025\\\/03\\\/logo-opendoors-webshop.svg\",\"caption\":\"Open Doors Webshop\"},\"image\":{\"@id\":\"https:\\\/\\\/www.opendoors.nl\\\/webshop\\\/#\\\/schema\\\/logo\\\/image\\\/\"}}]}<\/script>\n<!-- \/ Yoast SEO plugin. -->","yoast_head_json":{"title":"Het dwaze van God - Open Doors Webshop","robots":{"index":"index","follow":"follow","max-snippet":"max-snippet:-1","max-image-preview":"max-image-preview:large","max-video-preview":"max-video-preview:-1"},"canonical":"https:\/\/www.opendoors.nl\/webshop\/product\/het-dwaze-van-god\/","og_locale":"nl_NL","og_type":"article","og_title":"Het dwaze van God - Open Doors Webshop","og_description":"'Laat het nooit gebeuren dat jullie in vrijheid prijsgeven wat wij in tijden van vervolging nooit prijsgegeven hebben! Dit is ons getuigenis van de opstandingskracht van Christus!'  Somali\u00eb begin jaren '90 van de vorige eeuw was de hel op aarde. Het land werd verscheurd door een vreselijke burgeroorlog en een verschroeiende droogte. Miljoenen Somali\u00ebrs stierven of ontvluchtten het land. En in het land met zo'n 8 miljoen inwoners waren nog geen 100 christenen. Nik en Ruth Ripken wisten zich geroepen door God voor dat land en zes jaar lang probeerden ze de liefde van God zichtbaar te maken aan de Somali\u00ebrs door een getuigenis van daden. Het was hun roeping, maar bij tijden leek het alsof het kwaad alles verwoeste wat God hen had opgedragen te doen. Ze ervoeren dat zowel in hun werk als in hun gezin. Het bracht hen in een geloofscrisis. Kan God werkelijk goed zijn als het leven zo duister is? Kun je nog geloven dat Christus alle macht heeft als je je gelovige vrienden de marteldood ziet sterven? Hoe overleeft geloof in tijden van vervolging? Is het geen dwaasheid te geloven in de opstandingskracht van Christus? Hun zoektocht naar antwoorden bracht hen bij vervolgde christenen over de hele wereld. Het aangrijpende getuigenis van de vele naamlozen die in dit boek aan het woord komen spreekt een duidelijke taal: 'Jezus Christus is het waard om voor te leven \u00e9n voor te sterven.'  Nik Ripken is \u00e9\u00e9n van de belangrijkste kenners van de vervolgde kerk in islamitische landen. Hij heeft meer dan 25 jaar ervaring als zendeling en diende vooral in Afrika en het Midden-Oosten. Hij is getrouwd met Ruth en vader van drie zonen. De middelste zoon, Tim, is thuis.","og_url":"https:\/\/www.opendoors.nl\/webshop\/product\/het-dwaze-van-god\/","og_site_name":"Open Doors Webshop","article_modified_time":"2026-02-15T13:33:09+00:00","og_image":[{"width":521,"height":800,"url":"https:\/\/www.opendoors.nl\/webshop\/wp-content\/uploads\/sites\/3\/2025\/05\/dc0a7ad23a8f87334bee545a54c13030845c535b_20230809T000836_9789059990470_frontcover.jpg","type":"image\/jpeg"}],"twitter_card":"summary_large_image","twitter_misc":{"Geschatte leestijd":"1 minuut"},"schema":{"@context":"https:\/\/schema.org","@graph":[{"@type":"WebPage","@id":"https:\/\/www.opendoors.nl\/webshop\/product\/het-dwaze-van-god\/","url":"https:\/\/www.opendoors.nl\/webshop\/product\/het-dwaze-van-god\/","name":"Het dwaze van God - Open Doors Webshop","isPartOf":{"@id":"https:\/\/www.opendoors.nl\/webshop\/#website"},"primaryImageOfPage":{"@id":"https:\/\/www.opendoors.nl\/webshop\/product\/het-dwaze-van-god\/#primaryimage"},"image":{"@id":"https:\/\/www.opendoors.nl\/webshop\/product\/het-dwaze-van-god\/#primaryimage"},"thumbnailUrl":"https:\/\/www.opendoors.nl\/webshop\/wp-content\/uploads\/sites\/3\/2025\/05\/dc0a7ad23a8f87334bee545a54c13030845c535b_20230809T000836_9789059990470_frontcover.jpg","datePublished":"2025-06-03T08:48:26+00:00","dateModified":"2026-02-15T13:33:09+00:00","breadcrumb":{"@id":"https:\/\/www.opendoors.nl\/webshop\/product\/het-dwaze-van-god\/#breadcrumb"},"inLanguage":"nl-NL","potentialAction":[{"@type":"ReadAction","target":["https:\/\/www.opendoors.nl\/webshop\/product\/het-dwaze-van-god\/"]}]},{"@type":"ImageObject","inLanguage":"nl-NL","@id":"https:\/\/www.opendoors.nl\/webshop\/product\/het-dwaze-van-god\/#primaryimage","url":"https:\/\/www.opendoors.nl\/webshop\/wp-content\/uploads\/sites\/3\/2025\/05\/dc0a7ad23a8f87334bee545a54c13030845c535b_20230809T000836_9789059990470_frontcover.jpg","contentUrl":"https:\/\/www.opendoors.nl\/webshop\/wp-content\/uploads\/sites\/3\/2025\/05\/dc0a7ad23a8f87334bee545a54c13030845c535b_20230809T000836_9789059990470_frontcover.jpg","width":521,"height":800},{"@type":"BreadcrumbList","@id":"https:\/\/www.opendoors.nl\/webshop\/product\/het-dwaze-van-god\/#breadcrumb","itemListElement":[{"@type":"ListItem","position":1,"name":"Home","item":"https:\/\/www.opendoors.nl\/webshop\/"},{"@type":"ListItem","position":2,"name":"Winkel","item":"https:\/\/www.opendoors.nl\/webshop\/winkel\/"},{"@type":"ListItem","position":3,"name":"Het dwaze van God"}]},{"@type":"WebSite","@id":"https:\/\/www.opendoors.nl\/webshop\/#website","url":"https:\/\/www.opendoors.nl\/webshop\/","name":"Open Doors Webshop","description":"","publisher":{"@id":"https:\/\/www.opendoors.nl\/webshop\/#organization"},"potentialAction":[{"@type":"SearchAction","target":{"@type":"EntryPoint","urlTemplate":"https:\/\/www.opendoors.nl\/webshop\/?s={search_term_string}"},"query-input":{"@type":"PropertyValueSpecification","valueRequired":true,"valueName":"search_term_string"}}],"inLanguage":"nl-NL"},{"@type":"Organization","@id":"https:\/\/www.opendoors.nl\/webshop\/#organization","name":"Open Doors Webshop","url":"https:\/\/www.opendoors.nl\/webshop\/","logo":{"@type":"ImageObject","inLanguage":"nl-NL","@id":"https:\/\/www.opendoors.nl\/webshop\/#\/schema\/logo\/image\/","url":"https:\/\/www.opendoors.nl\/webshop\/wp-content\/uploads\/sites\/3\/2025\/03\/logo-opendoors-webshop.svg","contentUrl":"https:\/\/www.opendoors.nl\/webshop\/wp-content\/uploads\/sites\/3\/2025\/03\/logo-opendoors-webshop.svg","caption":"Open Doors Webshop"},"image":{"@id":"https:\/\/www.opendoors.nl\/webshop\/#\/schema\/logo\/image\/"}}]}},"_links":{"self":[{"href":"https:\/\/www.opendoors.nl\/webshop\/wp-json\/wp\/v2\/product\/273","targetHints":{"allow":["GET"]}}],"collection":[{"href":"https:\/\/www.opendoors.nl\/webshop\/wp-json\/wp\/v2\/product"}],"about":[{"href":"https:\/\/www.opendoors.nl\/webshop\/wp-json\/wp\/v2\/types\/product"}],"wp:featuredmedia":[{"embeddable":true,"href":"https:\/\/www.opendoors.nl\/webshop\/wp-json\/wp\/v2\/media\/274"}],"wp:attachment":[{"href":"https:\/\/www.opendoors.nl\/webshop\/wp-json\/wp\/v2\/media?parent=273"}],"wp:term":[{"taxonomy":"product_brand","embeddable":true,"href":"https:\/\/www.opendoors.nl\/webshop\/wp-json\/wp\/v2\/product_brand?post=273"},{"taxonomy":"product_cat","embeddable":true,"href":"https:\/\/www.opendoors.nl\/webshop\/wp-json\/wp\/v2\/product_cat?post=273"},{"taxonomy":"product_tag","embeddable":true,"href":"https:\/\/www.opendoors.nl\/webshop\/wp-json\/wp\/v2\/product_tag?post=273"}],"curies":[{"name":"wp","href":"https:\/\/api.w.org\/{rel}","templated":true}]}}